{"id":195,"date":"2024-06-03T07:08:47","date_gmt":"2024-06-03T07:08:47","guid":{"rendered":"https:\/\/flerexperience.ro\/?page_id=195"},"modified":"2024-11-08T08:17:23","modified_gmt":"2024-11-08T06:17:23","slug":"contact","status":"publish","type":"page","link":"https:\/\/flerexperience.ro\/ro\/contact\/","title":{"rendered":"Contact"},"content":{"rendered":"<div data-elementor-type=\"wp-page\" data-elementor-id=\"195\" class=\"elementor elementor-195\" data-elementor-post-type=\"page\">\n\t\t\t\t<div class=\"elementor-element elementor-element-f042b20 e-flex e-con-boxed e-con e-parent\" data-id=\"f042b20\" data-element_type=\"container\" data-settings=\"{&quot;jet_parallax_layout_list&quot;:[],&quot;_ob_use_container_extras&quot;:&quot;no&quot;,&quot;_ob_column_hoveranimator&quot;:&quot;no&quot;,&quot;_ob_glider_is_slider&quot;:&quot;no&quot;,&quot;_ob_column_has_pseudo&quot;:&quot;no&quot;}\">\n\t\t\t\t\t<div class=\"e-con-inner\">\n\t\t<div class=\"elementor-element elementor-element-3330e09 e-flex e-con-boxed e-con e-child\" data-id=\"3330e09\" data-element_type=\"container\" data-settings=\"{&quot;jet_parallax_layout_list&quot;:[],&quot;_ob_use_container_extras&quot;:&quot;no&quot;,&quot;_ob_column_hoveranimator&quot;:&quot;no&quot;,&quot;_ob_glider_is_slider&quot;:&quot;no&quot;,&quot;_ob_column_has_pseudo&quot;:&quot;no&quot;}\">\n\t\t\t\t\t<div class=\"e-con-inner\">\n\t\t\t\t<div class=\"elementor-element elementor-element-809e6d6 elementor-widget__width-initial ob-harakiri-inherit ob-has-background-overlay elementor-widget elementor-widget-text-editor\" data-id=\"809e6d6\" data-element_type=\"widget\" data-settings=\"{&quot;_ob_use_harakiri&quot;:&quot;yes&quot;,&quot;_ob_harakiri_writing_mode&quot;:&quot;inherit&quot;,&quot;_ob_postman_use&quot;:&quot;no&quot;,&quot;_ob_perspektive_use&quot;:&quot;no&quot;,&quot;_ob_poopart_use&quot;:&quot;yes&quot;,&quot;_ob_shadough_use&quot;:&quot;no&quot;,&quot;_ob_allow_hoveranimator&quot;:&quot;no&quot;,&quot;_ob_widget_stalker_use&quot;:&quot;no&quot;}\" data-widget_type=\"text-editor.default\">\n\t\t\t\t<div class=\"elementor-widget-container\">\n\t\t\t\t\t\t\t\t\t<p class=\"p1\">E\u0219ti preg\u0103tit s\u0103 \u00ee\u021bi duci experien\u021ba clien\u021bilor la un alt nivel?<\/p>\t\t\t\t\t\t\t\t<\/div>\n\t\t\t\t<\/div>\n\t\t\t\t<div class=\"elementor-element elementor-element-d1e19ce ob-harakiri-inherit ob-has-background-overlay elementor-widget elementor-widget-text-editor\" data-id=\"d1e19ce\" data-element_type=\"widget\" data-settings=\"{&quot;_ob_use_harakiri&quot;:&quot;yes&quot;,&quot;_ob_harakiri_writing_mode&quot;:&quot;inherit&quot;,&quot;_ob_postman_use&quot;:&quot;no&quot;,&quot;_ob_perspektive_use&quot;:&quot;no&quot;,&quot;_ob_poopart_use&quot;:&quot;yes&quot;,&quot;_ob_shadough_use&quot;:&quot;no&quot;,&quot;_ob_allow_hoveranimator&quot;:&quot;no&quot;,&quot;_ob_widget_stalker_use&quot;:&quot;no&quot;}\" data-widget_type=\"text-editor.default\">\n\t\t\t\t<div class=\"elementor-widget-container\">\n\t\t\t\t\t\t\t\t\t<p class=\"p1\">Hai s\u0103 discut\u0103m! Abia a\u0219tept\u0103m s\u0103 afl\u0103m despre obiectivele tale \u0219i s\u0103 descoperim \u00eempreun\u0103 cum putem face diferen\u021ba.\nHai s\u0103 colabor\u0103m pentru a transforma clien\u021bii t\u0103i \u00een sus\u021bin\u0103tori fideli ai brandului t\u0103u!<\/p>\t\t\t\t\t\t\t\t<\/div>\n\t\t\t\t<\/div>\n\t\t\t\t<div class=\"elementor-element elementor-element-877cc3e elementor-invisible ob-has-background-overlay elementor-widget elementor-widget-button\" data-id=\"877cc3e\" data-element_type=\"widget\" data-settings=\"{&quot;_animation&quot;:&quot;fadeIn&quot;,&quot;_ob_perspektive_use&quot;:&quot;no&quot;,&quot;_ob_poopart_use&quot;:&quot;yes&quot;,&quot;_ob_shadough_use&quot;:&quot;no&quot;,&quot;_ob_allow_hoveranimator&quot;:&quot;no&quot;,&quot;_ob_widget_stalker_use&quot;:&quot;no&quot;}\" data-widget_type=\"button.default\">\n\t\t\t\t<div class=\"elementor-widget-container\">\n\t\t\t\t\t\t\t\t\t<div class=\"elementor-button-wrapper\">\n\t\t\t\t\t<a class=\"elementor-button elementor-button-link elementor-size-sm\" href=\"tel:+40%20749%20308%20371\">\n\t\t\t\t\t\t<span class=\"elementor-button-content-wrapper\">\n\t\t\t\t\t\t<span class=\"elementor-button-icon\">\n\t\t\t\t<svg aria-hidden=\"true\" class=\"e-font-icon-svg e-fas-phone\" viewbox=\"0 0 512 512\" xmlns=\"http:\/\/www.w3.org\/2000\/svg\"><path d=\"M493.4 24.6l-104-24c-11.3-2.6-22.9 3.3-27.5 13.9l-48 112c-4.2 9.8-1.4 21.3 6.9 28l60.6 49.6c-36 76.7-98.9 140.5-177.2 177.2l-49.6-60.6c-6.8-8.3-18.2-11.1-28-6.9l-112 48C3.9 366.5-2 378.1.6 389.4l24 104C27.1 504.2 36.7 512 48 512c256.1 0 464-207.5 464-464 0-11.2-7.7-20.9-18.6-23.4z\"><\/path><\/svg>\t\t\t<\/span>\n\t\t\t\t\t\t\t\t\t<span class=\"elementor-button-text\">+40 749 308 371<\/span>\n\t\t\t\t\t<\/span>\n\t\t\t\t\t<\/a>\n\t\t\t\t<\/div>\n\t\t\t\t\t\t\t\t<\/div>\n\t\t\t\t<\/div>\n\t\t<div class=\"elementor-element elementor-element-a899480 e-con-full e-flex e-con e-child\" data-id=\"a899480\" data-element_type=\"container\" data-settings=\"{&quot;background_background&quot;:&quot;classic&quot;,&quot;jet_parallax_layout_list&quot;:[],&quot;_ob_use_container_extras&quot;:&quot;no&quot;,&quot;_ob_column_hoveranimator&quot;:&quot;no&quot;,&quot;_ob_glider_is_slider&quot;:&quot;no&quot;,&quot;_ob_column_has_pseudo&quot;:&quot;no&quot;}\">\n\t\t\t\t<\/div>\n\t\t\t\t\t<\/div>\n\t\t\t\t<\/div>\n\t\t<div class=\"elementor-element elementor-element-5d878e9 e-flex e-con-boxed e-con e-child\" data-id=\"5d878e9\" data-element_type=\"container\" data-settings=\"{&quot;background_background&quot;:&quot;classic&quot;,&quot;jet_parallax_layout_list&quot;:[],&quot;_ob_use_container_extras&quot;:&quot;no&quot;,&quot;_ob_column_hoveranimator&quot;:&quot;no&quot;,&quot;_ob_glider_is_slider&quot;:&quot;no&quot;,&quot;_ob_column_has_pseudo&quot;:&quot;no&quot;}\">\n\t\t\t\t\t<div class=\"e-con-inner\">\n\t\t\t\t<div class=\"elementor-element elementor-element-126ade2 elementor-button-align-start ob-has-background-overlay elementor-widget elementor-widget-form\" data-id=\"126ade2\" data-element_type=\"widget\" data-settings=\"{&quot;step_next_label&quot;:&quot;Next&quot;,&quot;step_previous_label&quot;:&quot;Previous&quot;,&quot;button_width&quot;:&quot;100&quot;,&quot;step_type&quot;:&quot;number_text&quot;,&quot;step_icon_shape&quot;:&quot;circle&quot;,&quot;_ob_perspektive_use&quot;:&quot;no&quot;,&quot;_ob_poopart_use&quot;:&quot;yes&quot;,&quot;_ob_shadough_use&quot;:&quot;no&quot;,&quot;_ob_allow_hoveranimator&quot;:&quot;no&quot;,&quot;_ob_widget_stalker_use&quot;:&quot;no&quot;}\" data-widget_type=\"form.default\">\n\t\t\t\t<div class=\"elementor-widget-container\">\n\t\t\t\t\t\t\t<form class=\"elementor-form\" method=\"post\" name=\"Contact\" action=\"\">\n\t\t\t<input type=\"hidden\" name=\"post_id\" value=\"195\"\/>\n\t\t\t<input type=\"hidden\" name=\"form_id\" value=\"126ade2\"\/>\n\t\t\t<input type=\"hidden\" name=\"referer_title\" value=\"Contact &#8212; Fler Experience\" \/>\n\n\t\t\t\t\t\t\t<input type=\"hidden\" name=\"queried_id\" value=\"195\"\/>\n\t\t\t\n\t\t\t<div class=\"elementor-form-fields-wrapper elementor-labels-\">\n\t\t\t\t\t\t\t\t<div class=\"elementor-field-type-text elementor-field-group elementor-column elementor-field-group-full_name elementor-col-100\">\n\t\t\t\t\t\t\t\t\t\t\t\t\t<input size=\"1\" type=\"text\" name=\"form_fields[full_name]\" id=\"form-field-full_name\" class=\"elementor-field elementor-size-sm  elementor-field-textual\" placeholder=\"Nume complet\">\n\t\t\t\t\t\t\t\t\t\t\t<\/div>\n\t\t\t\t\t\t\t\t<div class=\"elementor-field-type-text elementor-field-group elementor-column elementor-field-group-company elementor-col-100\">\n\t\t\t\t\t\t\t\t\t\t\t\t\t<input size=\"1\" type=\"text\" name=\"form_fields[company]\" id=\"form-field-company\" class=\"elementor-field elementor-size-sm  elementor-field-textual\" placeholder=\"Denumire companie\">\n\t\t\t\t\t\t\t\t\t\t\t<\/div>\n\t\t\t\t\t\t\t\t<div class=\"elementor-field-type-email elementor-field-group elementor-column elementor-field-group-email elementor-col-50 elementor-field-required\">\n\t\t\t\t\t\t\t\t\t\t\t\t\t<input size=\"1\" type=\"email\" name=\"form_fields[email]\" id=\"form-field-email\" class=\"elementor-field elementor-size-sm  elementor-field-textual\" placeholder=\"Email\" required=\"required\" aria-required=\"true\">\n\t\t\t\t\t\t\t\t\t\t\t<\/div>\n\t\t\t\t\t\t\t\t<div class=\"elementor-field-type-tel elementor-field-group elementor-column elementor-field-group-phone elementor-col-50 elementor-field-required\">\n\t\t\t\t\t\t\t<input size=\"1\" type=\"tel\" name=\"form_fields[phone]\" id=\"form-field-phone\" class=\"elementor-field elementor-size-sm  elementor-field-textual\" placeholder=\"Telefon\" required=\"required\" aria-required=\"true\" pattern=\"[0-9()#&amp;+*-=.]+\" title=\"Only numbers and phone characters (#, -, *, etc) are accepted.\">\n\n\t\t\t\t\t\t<\/div>\n\t\t\t\t\t\t\t\t<div class=\"elementor-field-type-radio elementor-field-group elementor-column elementor-field-group-contact_method elementor-col-100 elementor-field-required\">\n\t\t\t\t\t\t\t\t\t\t\t\t<label for=\"form-field-contact_method\" class=\"elementor-field-label elementor-screen-only\">\n\t\t\t\t\t\t\t\tContact method\t\t\t\t\t\t\t<\/label>\n\t\t\t\t\t\t<div class=\"elementor-field-subgroup\"><span class=\"elementor-field-option\"><input type=\"radio\" value=\"Contact me by phone\" id=\"form-field-contact_method-0\" name=\"form_fields[contact_method]\" required=\"required\" aria-required=\"true\"> <label for=\"form-field-contact_method-0\">Contacteaz\u0103-m\u0103 prin telefon<\/label><\/span><span class=\"elementor-field-option\"><input type=\"radio\" value=\"Contact me by email\" id=\"form-field-contact_method-1\" name=\"form_fields[contact_method]\" required=\"required\" aria-required=\"true\"> <label for=\"form-field-contact_method-1\">Contacteaz\u0103-m\u0103 prin e-mail<\/label><\/span><\/div>\t\t\t\t<\/div>\n\t\t\t\t\t\t\t\t<div class=\"elementor-field-type-textarea elementor-field-group elementor-column elementor-field-group-message elementor-col-100 elementor-field-required\">\n\t\t\t\t\t<textarea class=\"elementor-field-textual elementor-field  elementor-size-sm\" name=\"form_fields[message]\" id=\"form-field-message\" rows=\"4\" placeholder=\"Spune-mi ce provoc\u0103ri ai \u00een construirea celei mai bune experien\u021be pentru clien\u021bii t\u0103i.\" required=\"required\" aria-required=\"true\"><\/textarea>\t\t\t\t<\/div>\n\t\t\t\t\t\t\t\t<div class=\"elementor-field-group elementor-column elementor-field-type-submit elementor-col-100 e-form__buttons\">\n\t\t\t\t\t<button class=\"elementor-button elementor-size-md\" type=\"submit\">\n\t\t\t\t\t\t<span class=\"elementor-button-content-wrapper\">\n\t\t\t\t\t\t\t\t\t\t\t\t\t\t\t\t\t\t\t\t\t\t<span class=\"elementor-button-text\">Trimite<\/span>\n\t\t\t\t\t\t\t\t\t\t\t\t\t<\/span>\n\t\t\t\t\t<\/button>\n\t\t\t\t<\/div>\n\t\t\t<\/div>\n\t\t<input type=\"hidden\" name=\"trp-form-language\" value=\"ro\"\/><\/form>\n\t\t\t\t\t\t<\/div>\n\t\t\t\t<\/div>\n\t\t\t\t\t<\/div>\n\t\t\t\t<\/div>\n\t\t\t\t\t<\/div>\n\t\t\t\t<\/div>\n\t\t\t\t<\/div>","protected":false},"excerpt":{"rendered":"<p>Ready to elevate your customer experience? Let\u2019s chat! We\u2019re excited to learn about your goals and explore how we can make a difference together. Let&#8217;s work together to turn your customers into lifelong advocates. +40 749 308 371<\/p>","protected":false},"author":1,"featured_media":0,"parent":0,"menu_order":0,"comment_status":"closed","ping_status":"closed","template":"","meta":{"footnotes":""},"class_list":["post-195","page","type-page","status-publish","hentry"],"yoast_head":"<!-- This site is optimized with the Yoast SEO plugin v25.2 - https:\/\/yoast.com\/wordpress\/plugins\/seo\/ -->\n<title>Contact &#8212; Fler Experience<\/title>\n<meta name=\"robots\" content=\"index, follow, max-snippet:-1, max-image-preview:large, max-video-preview:-1\" \/>\n<link rel=\"canonical\" href=\"https:\/\/flerexperience.ro\/ro\/contact\/\" \/>\n<meta property=\"og:locale\" content=\"ro_RO\" \/>\n<meta property=\"og:type\" content=\"article\" \/>\n<meta property=\"og:title\" content=\"Contact &#8212; Fler Experience\" \/>\n<meta property=\"og:description\" content=\"Ready to elevate your customer experience? Let\u2019s chat! We\u2019re excited to learn about your goals and explore how we can make a difference together. Let&#8217;s work together to turn your customers into lifelong advocates. +40 749 308 371\" \/>\n<meta property=\"og:url\" content=\"https:\/\/flerexperience.ro\/ro\/contact\/\" \/>\n<meta property=\"og:site_name\" content=\"Fler Experience\" \/>\n<meta property=\"article:publisher\" content=\"https:\/\/www.facebook.com\/profile.php?id=100089281727424\" \/>\n<meta property=\"article:modified_time\" content=\"2024-11-08T06:17:23+00:00\" \/>\n<meta property=\"og:image\" content=\"https:\/\/flerexperience.ro\/wp-content\/uploads\/2024\/11\/SEO_Image.png\" \/>\n\t<meta property=\"og:image:width\" content=\"1920\" \/>\n\t<meta property=\"og:image:height\" content=\"1339\" \/>\n\t<meta property=\"og:image:type\" content=\"image\/png\" \/>\n<meta name=\"twitter:card\" content=\"summary_large_image\" \/>\n<script type=\"application\/ld+json\" class=\"yoast-schema-graph\">{\"@context\":\"https:\/\/schema.org\",\"@graph\":[{\"@type\":\"WebPage\",\"@id\":\"https:\/\/flerexperience.ro\/contact\/\",\"url\":\"https:\/\/flerexperience.ro\/contact\/\",\"name\":\"Contact &#8212; Fler Experience\",\"isPartOf\":{\"@id\":\"https:\/\/flerexperience.ro\/#website\"},\"datePublished\":\"2024-06-03T07:08:47+00:00\",\"dateModified\":\"2024-11-08T06:17:23+00:00\",\"breadcrumb\":{\"@id\":\"https:\/\/flerexperience.ro\/contact\/#breadcrumb\"},\"inLanguage\":\"ro-RO\",\"potentialAction\":[{\"@type\":\"ReadAction\",\"target\":[\"https:\/\/flerexperience.ro\/contact\/\"]}]},{\"@type\":\"BreadcrumbList\",\"@id\":\"https:\/\/flerexperience.ro\/contact\/#breadcrumb\",\"itemListElement\":[{\"@type\":\"ListItem\",\"position\":1,\"name\":\"Home\",\"item\":\"https:\/\/flerexperience.ro\/\"},{\"@type\":\"ListItem\",\"position\":2,\"name\":\"Contact\"}]},{\"@type\":\"WebSite\",\"@id\":\"https:\/\/flerexperience.ro\/#website\",\"url\":\"https:\/\/flerexperience.ro\/\",\"name\":\"Fler Experience\",\"description\":\"Enhancing businesses through customer experience\",\"publisher\":{\"@id\":\"https:\/\/flerexperience.ro\/#organization\"},\"alternateName\":\"Fler\",\"potentialAction\":[{\"@type\":\"SearchAction\",\"target\":{\"@type\":\"EntryPoint\",\"urlTemplate\":\"https:\/\/flerexperience.ro\/?s={search_term_string}\"},\"query-input\":{\"@type\":\"PropertyValueSpecification\",\"valueRequired\":true,\"valueName\":\"search_term_string\"}}],\"inLanguage\":\"ro-RO\"},{\"@type\":\"Organization\",\"@id\":\"https:\/\/flerexperience.ro\/#organization\",\"name\":\"Future of CX\",\"url\":\"https:\/\/flerexperience.ro\/\",\"logo\":{\"@type\":\"ImageObject\",\"inLanguage\":\"ro-RO\",\"@id\":\"https:\/\/flerexperience.ro\/#\/schema\/logo\/image\/\",\"url\":\"https:\/\/flerexperience.ro\/wp-content\/uploads\/2024\/11\/cropped-Screenshot-2024-11-08-at-17.06.00.png\",\"contentUrl\":\"https:\/\/flerexperience.ro\/wp-content\/uploads\/2024\/11\/cropped-Screenshot-2024-11-08-at-17.06.00.png\",\"width\":512,\"height\":512,\"caption\":\"Future of CX\"},\"image\":{\"@id\":\"https:\/\/flerexperience.ro\/#\/schema\/logo\/image\/\"},\"sameAs\":[\"https:\/\/www.facebook.com\/profile.php?id=100089281727424\"]}]}<\/script>\n<!-- \/ Yoast SEO plugin. -->","yoast_head_json":{"title":"Contact &#8212; Fler Experience","robots":{"index":"index","follow":"follow","max-snippet":"max-snippet:-1","max-image-preview":"max-image-preview:large","max-video-preview":"max-video-preview:-1"},"canonical":"https:\/\/flerexperience.ro\/ro\/contact\/","og_locale":"ro_RO","og_type":"article","og_title":"Contact &#8212; Fler Experience","og_description":"Ready to elevate your customer experience? Let\u2019s chat! We\u2019re excited to learn about your goals and explore how we can make a difference together. Let&#8217;s work together to turn your customers into lifelong advocates. +40 749 308 371","og_url":"https:\/\/flerexperience.ro\/ro\/contact\/","og_site_name":"Fler Experience","article_publisher":"https:\/\/www.facebook.com\/profile.php?id=100089281727424","article_modified_time":"2024-11-08T06:17:23+00:00","og_image":[{"width":1920,"height":1339,"url":"https:\/\/flerexperience.ro\/wp-content\/uploads\/2024\/11\/SEO_Image.png","type":"image\/png"}],"twitter_card":"summary_large_image","schema":{"@context":"https:\/\/schema.org","@graph":[{"@type":"WebPage","@id":"https:\/\/flerexperience.ro\/contact\/","url":"https:\/\/flerexperience.ro\/contact\/","name":"Contact &#8212; Fler Experience","isPartOf":{"@id":"https:\/\/flerexperience.ro\/#website"},"datePublished":"2024-06-03T07:08:47+00:00","dateModified":"2024-11-08T06:17:23+00:00","breadcrumb":{"@id":"https:\/\/flerexperience.ro\/contact\/#breadcrumb"},"inLanguage":"ro-RO","potentialAction":[{"@type":"ReadAction","target":["https:\/\/flerexperience.ro\/contact\/"]}]},{"@type":"BreadcrumbList","@id":"https:\/\/flerexperience.ro\/contact\/#breadcrumb","itemListElement":[{"@type":"ListItem","position":1,"name":"Home","item":"https:\/\/flerexperience.ro\/"},{"@type":"ListItem","position":2,"name":"Contact"}]},{"@type":"WebSite","@id":"https:\/\/flerexperience.ro\/#website","url":"https:\/\/flerexperience.ro\/","name":"Fler Experience","description":"Enhancing businesses through customer experience","publisher":{"@id":"https:\/\/flerexperience.ro\/#organization"},"alternateName":"Fler","potentialAction":[{"@type":"SearchAction","target":{"@type":"EntryPoint","urlTemplate":"https:\/\/flerexperience.ro\/?s={search_term_string}"},"query-input":{"@type":"PropertyValueSpecification","valueRequired":true,"valueName":"search_term_string"}}],"inLanguage":"ro-RO"},{"@type":"Organization","@id":"https:\/\/flerexperience.ro\/#organization","name":"Future of CX","url":"https:\/\/flerexperience.ro\/","logo":{"@type":"ImageObject","inLanguage":"ro-RO","@id":"https:\/\/flerexperience.ro\/#\/schema\/logo\/image\/","url":"https:\/\/flerexperience.ro\/wp-content\/uploads\/2024\/11\/cropped-Screenshot-2024-11-08-at-17.06.00.png","contentUrl":"https:\/\/flerexperience.ro\/wp-content\/uploads\/2024\/11\/cropped-Screenshot-2024-11-08-at-17.06.00.png","width":512,"height":512,"caption":"Future of CX"},"image":{"@id":"https:\/\/flerexperience.ro\/#\/schema\/logo\/image\/"},"sameAs":["https:\/\/www.facebook.com\/profile.php?id=100089281727424"]}]}},"_links":{"self":[{"href":"https:\/\/flerexperience.ro\/ro\/wp-json\/wp\/v2\/pages\/195","targetHints":{"allow":["GET"]}}],"collection":[{"href":"https:\/\/flerexperience.ro\/ro\/wp-json\/wp\/v2\/pages"}],"about":[{"href":"https:\/\/flerexperience.ro\/ro\/wp-json\/wp\/v2\/types\/page"}],"author":[{"embeddable":true,"href":"https:\/\/flerexperience.ro\/ro\/wp-json\/wp\/v2\/users\/1"}],"replies":[{"embeddable":true,"href":"https:\/\/flerexperience.ro\/ro\/wp-json\/wp\/v2\/comments?post=195"}],"version-history":[{"count":145,"href":"https:\/\/flerexperience.ro\/ro\/wp-json\/wp\/v2\/pages\/195\/revisions"}],"predecessor-version":[{"id":3110,"href":"https:\/\/flerexperience.ro\/ro\/wp-json\/wp\/v2\/pages\/195\/revisions\/3110"}],"wp:attachment":[{"href":"https:\/\/flerexperience.ro\/ro\/wp-json\/wp\/v2\/media?parent=195"}],"curies":[{"name":"wp","href":"https:\/\/api.w.org\/{rel}","templated":true}]}}